{"id":1326,"date":"2022-04-12T23:55:49","date_gmt":"2022-04-12T20:55:49","guid":{"rendered":"https:\/\/skinproliepaja.lv\/?page_id=1326"},"modified":"2025-02-17T16:09:10","modified_gmt":"2025-02-17T13:09:10","slug":"par-specialistiem","status":"publish","type":"page","link":"https:\/\/skinproliepaja.lv\/ru\/par-specialistiem\/","title":{"rendered":"\u041e \u0441\u043f\u0435\u0446\u0438\u0430\u043b\u0438\u0441\u0442\u0430\u0445"},"content":{"rendered":"<div data-elementor-type=\"wp-page\" data-elementor-id=\"1326\" class=\"elementor elementor-1326\" data-elementor-post-type=\"page\">\n\t\t\t\t<div class=\"elementor-element elementor-element-4139427 xts-section-stretch e-flex e-con-boxed e-con e-parent\" data-id=\"4139427\" data-element_type=\"container\">\n\t\t\t\t\t<div class=\"e-con-inner\">\n\t\t\t\t<div class=\"elementor-element elementor-element-add6321 elementor-widget elementor-widget-xts_title\" data-id=\"add6321\" data-element_type=\"widget\" data-widget_type=\"xts_title.default\">\n\t\t\t\t<div class=\"elementor-widget-container\">\n\t\t\t\t\t\t<div class=\"xts-section-heading xts-reset-mb-10 xts-reset-last xts-textalign-left xts-textalign-sm-left\" data-animation-delay=\"\">\r\n\t\t\t\t\r\n\t\t\t\t\t\t\t\t\t<h2 class=\"xts-section-title title xts-design-simple xts-fontsize-l\">\r\n\t\t\t\t\t\t<span class=\"xts-section-title-text\" data-elementor-setting-key=\"title\">\r\n\t\t\t\t\t\t\t\u0424\u0438\u043b\u0438\u0430\u043b SkinPRO \u0432 \u041b\u0438\u0435\u043f\u0430\u0435\t\t\t\t\t\t<\/span>\r\n\r\n\t\t\t\t\t\t\t\t\t\t\t\t\t<div class=\"xts-section-title-divider\"><\/div>\r\n\t\t\t\t\t\t\t\t\t\t\t<\/h2>\r\n\t\t\t\t\r\n\t\t\t\t\r\n\t\t\t\t\t\t\t<\/div>\r\n\t\t\t\t<\/div>\n\t\t\t\t<\/div>\n\t\t<div class=\"elementor-element elementor-element-49c8277 e-con-full e-flex xts-section-disabled elementor-invisible e-con e-child\" data-id=\"49c8277\" data-element_type=\"container\" data-settings=\"{&quot;animation&quot;:&quot;fadeIn&quot;,&quot;background_background&quot;:&quot;classic&quot;}\">\n\t\t<div class=\"elementor-element elementor-element-3e13ef1 e-con-full e-flex xts-section-disabled e-con e-child\" data-id=\"3e13ef1\" data-element_type=\"container\">\n\t\t\t\t<div class=\"elementor-element elementor-element-e5e9132 elementor-widget elementor-widget-image\" data-id=\"e5e9132\" data-element_type=\"widget\" data-widget_type=\"image.default\">\n\t\t\t\t<div class=\"elementor-widget-container\">\n\t\t\t\t\t\t\t\t\t\t\t\t\t<img fetchpriority=\"high\" decoding=\"async\" width=\"1707\" height=\"2560\" src=\"https:\/\/skinproliepaja.lv\/wp-content\/uploads\/2023\/04\/rebeka-babicka-scaled.webp\" class=\"attachment-full size-full wp-image-7492\" alt=\"\u041e \u0441\u043f\u0435\u0446\u0438\u0430\u043b\u0438\u0441\u0442\u0430\u0445\" srcset=\"https:\/\/skinproliepaja.lv\/wp-content\/uploads\/2023\/04\/rebeka-babicka-scaled.webp 1707w, https:\/\/skinproliepaja.lv\/wp-content\/uploads\/2023\/04\/rebeka-babicka-200x300.webp 200w, https:\/\/skinproliepaja.lv\/wp-content\/uploads\/2023\/04\/rebeka-babicka-683x1024.webp 683w, https:\/\/skinproliepaja.lv\/wp-content\/uploads\/2023\/04\/rebeka-babicka-768x1152.webp 768w, https:\/\/skinproliepaja.lv\/wp-content\/uploads\/2023\/04\/rebeka-babicka-1024x1536.webp 1024w, https:\/\/skinproliepaja.lv\/wp-content\/uploads\/2023\/04\/rebeka-babicka-1365x2048.webp 1365w, https:\/\/skinproliepaja.lv\/wp-content\/uploads\/2023\/04\/rebeka-babicka-8x12.webp 8w\" sizes=\"(max-width: 1707px) 100vw, 1707px\" title=\"\u041e \u0441\u043f\u0435\u0446\u0438\u0430\u043b\u0438\u0441\u0442\u0430\u0445\" \/>\t\t\t\t\t\t\t\t\t\t\t\t\t<\/div>\n\t\t\t\t<\/div>\n\t\t\t\t<\/div>\n\t\t<div class=\"elementor-element elementor-element-2e3077e e-con-full e-flex xts-section-disabled e-con e-child\" data-id=\"2e3077e\" data-element_type=\"container\">\n\t\t\t\t<div class=\"elementor-element elementor-element-65a9035 elementor-widget elementor-widget-heading\" data-id=\"65a9035\" data-element_type=\"widget\" data-widget_type=\"heading.default\">\n\t\t\t\t<div class=\"elementor-widget-container\">\n\t\t\t<h2 class=\"elementor-heading-title elementor-size-default\">Rebeka Babicka<\/h2>\t\t<\/div>\n\t\t\t\t<\/div>\n\t\t\t\t<div class=\"elementor-element elementor-element-ad42cdc elementor-widget elementor-widget-heading\" data-id=\"ad42cdc\" data-element_type=\"widget\" data-widget_type=\"heading.default\">\n\t\t\t\t<div class=\"elementor-widget-container\">\n\t\t\t<p class=\"elementor-heading-title elementor-size-default\">\u0410\u0434\u043c\u0438\u043d\u0438\u0441\u0442\u0440\u0430\u0442\u043e\u0440<\/p>\t\t<\/div>\n\t\t\t\t<\/div>\n\t\t\t\t<div class=\"elementor-element elementor-element-e40ade5 elementor-icon-list--layout-traditional elementor-list-item-link-full_width elementor-widget elementor-widget-icon-list\" data-id=\"e40ade5\" data-element_type=\"widget\" data-widget_type=\"icon-list.default\">\n\t\t\t\t<div class=\"elementor-widget-container\">\n\t\t\t\t\t<ul class=\"elementor-icon-list-items\">\n\t\t\t\t\t\t\t<li class=\"elementor-icon-list-item\">\n\t\t\t\t\t\t\t\t\t\t\t<span class=\"elementor-icon-list-icon\">\n\t\t\t\t\t\t\t<i aria-hidden=\"true\" class=\"fas fa-circle\"><\/i>\t\t\t\t\t\t<\/span>\n\t\t\t\t\t\t\t\t\t\t<span class=\"elementor-icon-list-text\">\u0414\u043e\u0431\u0440\u0430\u044f \u0438 \u0438\u0441\u043f\u043e\u043b\u043d\u0438\u0442\u0435\u043b\u044c\u043d\u0430\u044f.<\/span>\n\t\t\t\t\t\t\t\t\t<\/li>\n\t\t\t\t\t\t\t\t<li class=\"elementor-icon-list-item\">\n\t\t\t\t\t\t\t\t\t\t\t<span class=\"elementor-icon-list-icon\">\n\t\t\t\t\t\t\t<i aria-hidden=\"true\" class=\"fas fa-circle\"><\/i>\t\t\t\t\t\t<\/span>\n\t\t\t\t\t\t\t\t\t\t<span class=\"elementor-icon-list-text\">\u0421 \u0442\u0432\u043e\u0440\u0447\u0435\u0441\u043a\u0438\u043c \u043e\u0442\u043d\u043e\u0448\u0435\u043d\u0438\u0435\u043c \u0438 \u0443\u043b\u044b\u0431\u043a\u043e\u0439 \u043a \u0440\u0430\u0431\u043e\u0442\u0435.<\/span>\n\t\t\t\t\t\t\t\t\t<\/li>\n\t\t\t\t\t\t\t\t<li class=\"elementor-icon-list-item\">\n\t\t\t\t\t\t\t\t\t\t\t<span class=\"elementor-icon-list-icon\">\n\t\t\t\t\t\t\t<i aria-hidden=\"true\" class=\"fas fa-circle\"><\/i>\t\t\t\t\t\t<\/span>\n\t\t\t\t\t\t\t\t\t\t<span class=\"elementor-icon-list-text\">\u041b\u044e\u0431\u0438\u0442 \u0440\u0430\u0431\u043e\u0442\u0430\u0442\u044c \u0432 \u043a\u043e\u043c\u0430\u043d\u0434\u0435 \u0438 \u0441\u043e\u0437\u0434\u0430\u0435\u0442 \u0435\u0435 \u043f\u043e\u043b\u043e\u0436\u0438\u0442\u0435\u043b\u044c\u043d\u0443\u044e \u044d\u043d\u0435\u0440\u0433\u0438\u044e. <\/span>\n\t\t\t\t\t\t\t\t\t<\/li>\n\t\t\t\t\t\t\t\t<li class=\"elementor-icon-list-item\">\n\t\t\t\t\t\t\t\t\t\t\t<span class=\"elementor-icon-list-icon\">\n\t\t\t\t\t\t\t<i aria-hidden=\"true\" class=\"fas fa-circle\"><\/i>\t\t\t\t\t\t<\/span>\n\t\t\t\t\t\t\t\t\t\t<span class=\"elementor-icon-list-text\">\u0423\u043c\u0435\u0435\u0442 \u0441\u043b\u0443\u0448\u0430\u0442\u044c, \u0442\u043e\u043b\u044c\u043a\u043e \u0434\u043e\u0431\u0440\u043e\u0436\u0435\u043b\u0430\u0442\u0435\u043b\u044c\u043d\u043e\u0435 \u043e\u0442\u043d\u043e\u0448\u0435\u043d\u0438\u0435 \u043a \u043a\u0430\u0436\u0434\u043e\u043c\u0443 \u043a\u043b\u0438\u0435\u043d\u0442\u0443.<\/span>\n\t\t\t\t\t\t\t\t\t<\/li>\n\t\t\t\t\t\t\t\t<li class=\"elementor-icon-list-item\">\n\t\t\t\t\t\t\t\t\t\t\t<span class=\"elementor-icon-list-icon\">\n\t\t\t\t\t\t\t<i aria-hidden=\"true\" class=\"fas fa-circle\"><\/i>\t\t\t\t\t\t<\/span>\n\t\t\t\t\t\t\t\t\t\t<span class=\"elementor-icon-list-text\">\u0412\u0441\u0435\u0433\u0434\u0430 \u043f\u043e\u0434\u0431\u0435\u0440\u0435\u0442 \u043d\u0430\u0438\u0431\u043e\u043b\u0435\u0435 \u043f\u043e\u0434\u0445\u043e\u0434\u044f\u0449\u0435\u0435 \u0432\u0440\u0435\u043c\u044f \u0434\u043b\u044f \u043f\u0440\u043e\u0446\u0435\u0434\u0443\u0440\u044b \u0438<\/br>\u043d\u0430\u043f\u043e\u043c\u043d\u0438\u0442 \u043e \u0441\u043b\u0435\u0434\u0443\u044e\u0449\u0435\u043c \u0437\u0430\u043f\u0438\u0441\u0438.<\/span>\n\t\t\t\t\t\t\t\t\t<\/li>\n\t\t\t\t\t\t<\/ul>\n\t\t\t\t<\/div>\n\t\t\t\t<\/div>\n\t\t\t\t<\/div>\n\t\t\t\t<\/div>\n\t\t<div class=\"elementor-element elementor-element-f5c6b5f e-con-full e-flex xts-section-disabled elementor-invisible e-con e-child\" data-id=\"f5c6b5f\" data-element_type=\"container\" data-settings=\"{&quot;animation&quot;:&quot;fadeIn&quot;,&quot;background_background&quot;:&quot;classic&quot;}\">\n\t\t<div class=\"elementor-element elementor-element-73dab5c e-con-full e-flex xts-section-disabled e-con e-child\" data-id=\"73dab5c\" data-element_type=\"container\">\n\t\t\t\t<div class=\"elementor-element elementor-element-940e642 elementor-widget elementor-widget-image\" data-id=\"940e642\" data-element_type=\"widget\" data-widget_type=\"image.default\">\n\t\t\t\t<div class=\"elementor-widget-container\">\n\t\t\t\t\t\t\t\t\t\t\t\t\t<img decoding=\"async\" width=\"1707\" height=\"2560\" src=\"https:\/\/skinproliepaja.lv\/wp-content\/uploads\/2023\/04\/juta-abdulajeva-scaled.webp\" class=\"attachment-full size-full wp-image-7491\" alt=\"Juta Abdulajeva\" srcset=\"https:\/\/skinproliepaja.lv\/wp-content\/uploads\/2023\/04\/juta-abdulajeva-scaled.webp 1707w, https:\/\/skinproliepaja.lv\/wp-content\/uploads\/2023\/04\/juta-abdulajeva-200x300.webp 200w, https:\/\/skinproliepaja.lv\/wp-content\/uploads\/2023\/04\/juta-abdulajeva-683x1024.webp 683w, https:\/\/skinproliepaja.lv\/wp-content\/uploads\/2023\/04\/juta-abdulajeva-768x1152.webp 768w, https:\/\/skinproliepaja.lv\/wp-content\/uploads\/2023\/04\/juta-abdulajeva-1024x1536.webp 1024w, https:\/\/skinproliepaja.lv\/wp-content\/uploads\/2023\/04\/juta-abdulajeva-1365x2048.webp 1365w, https:\/\/skinproliepaja.lv\/wp-content\/uploads\/2023\/04\/juta-abdulajeva-8x12.webp 8w\" sizes=\"(max-width: 1707px) 100vw, 1707px\" title=\"\u041e \u0441\u043f\u0435\u0446\u0438\u0430\u043b\u0438\u0441\u0442\u0430\u0445\" \/>\t\t\t\t\t\t\t\t\t\t\t\t\t<\/div>\n\t\t\t\t<\/div>\n\t\t\t\t<\/div>\n\t\t<div class=\"elementor-element elementor-element-076561c e-con-full e-flex xts-section-disabled e-con e-child\" data-id=\"076561c\" data-element_type=\"container\">\n\t\t\t\t<div class=\"elementor-element elementor-element-aeb25aa elementor-widget elementor-widget-heading\" data-id=\"aeb25aa\" data-element_type=\"widget\" data-widget_type=\"heading.default\">\n\t\t\t\t<div class=\"elementor-widget-container\">\n\t\t\t<h2 class=\"elementor-heading-title elementor-size-default\">Juta Abdulajeva<\/h2>\t\t<\/div>\n\t\t\t\t<\/div>\n\t\t\t\t<div class=\"elementor-element elementor-element-dbca1a5 elementor-widget elementor-widget-heading\" data-id=\"dbca1a5\" data-element_type=\"widget\" data-widget_type=\"heading.default\">\n\t\t\t\t<div class=\"elementor-widget-container\">\n\t\t\t<p class=\"elementor-heading-title elementor-size-default\">\u0410\u0434\u043c\u0438\u043d\u0438\u0441\u0442\u0440\u0430\u0442\u043e\u0440<\/p>\t\t<\/div>\n\t\t\t\t<\/div>\n\t\t\t\t<div class=\"elementor-element elementor-element-7c995e1 elementor-icon-list--layout-traditional elementor-list-item-link-full_width elementor-widget elementor-widget-icon-list\" data-id=\"7c995e1\" data-element_type=\"widget\" data-widget_type=\"icon-list.default\">\n\t\t\t\t<div class=\"elementor-widget-container\">\n\t\t\t\t\t<ul class=\"elementor-icon-list-items\">\n\t\t\t\t\t\t\t<li class=\"elementor-icon-list-item\">\n\t\t\t\t\t\t\t\t\t\t\t<span class=\"elementor-icon-list-icon\">\n\t\t\t\t\t\t\t<i aria-hidden=\"true\" class=\"fas fa-circle\"><\/i>\t\t\t\t\t\t<\/span>\n\t\t\t\t\t\t\t\t\t\t<span class=\"elementor-icon-list-text\">\u0410\u043a\u0442\u0438\u0432\u043d\u0430\u044f \u0438 \u044d\u043d\u0435\u0440\u0433\u0438\u0447\u043d\u0430\u044f.<\/span>\n\t\t\t\t\t\t\t\t\t<\/li>\n\t\t\t\t\t\t\t\t<li class=\"elementor-icon-list-item\">\n\t\t\t\t\t\t\t\t\t\t\t<span class=\"elementor-icon-list-icon\">\n\t\t\t\t\t\t\t<i aria-hidden=\"true\" class=\"fas fa-circle\"><\/i>\t\t\t\t\t\t<\/span>\n\t\t\t\t\t\t\t\t\t\t<span class=\"elementor-icon-list-text\">\u0423\u0432\u043b\u0435\u0447\u0435\u043d\u0430 \u0438 \u0438\u043d\u0442\u0435\u0440\u0435\u0441\u0443\u0435\u0442\u0441\u044f \u043a\u043e\u0441\u043c\u0435\u0442\u043e\u043b\u043e\u0433\u0438\u0435\u0439.<\/span>\n\t\t\t\t\t\t\t\t\t<\/li>\n\t\t\t\t\t\t\t\t<li class=\"elementor-icon-list-item translation-block\"><span class=\"elementor-icon-list-icon\">\n\t\t\t\t\t\t\t<i aria-hidden=\"true\" class=\"fas fa-circle\"><\/i>\t\t\t\t\t\t<\/span>\n\t\t\t\t\t\t\t\t\t\t<span class=\"elementor-icon-list-text\">\u041e\u0440\u0433\u0430\u043d\u0438\u0437\u0443\u0435\u0442 \u0434\u043e\u0431\u0440\u043e\u0436\u0435\u043b\u0430\u0442\u0435\u043b\u044c\u043d\u044b\u0439 \u043f\u0440\u0438\u0435\u043c \u043a\u043b\u0438\u0435\u043d\u0442\u043e\u0432 \u0438 \u043f\u0440\u0435\u0434\u043e\u0441\u0442\u0430\u0432\u043b\u044f\u0435\u0442 \u0434\u043e\u0441\u0442\u043e\u0432\u0435\u0440\u043d\u0443\u044e,<br>\u043a\u043e\u0440\u0440\u0435\u043a\u0442\u043d\u0443\u044e \u0438 \u043f\u0440\u043e\u0444\u0435\u0441\u0441\u0438\u043e\u043d\u0430\u043b\u044c\u043d\u0443\u044e \u0438\u043d\u0444\u043e\u0440\u043c\u0430\u0446\u0438\u044e \u043e \u043a\u043e\u0441\u043c\u0435\u0442\u0438\u0447\u0435\u0441\u043a\u0438\u0445 \u043f\u0440\u043e\u0446\u0435\u0434\u0443\u0440\u0430\u0445.<\/span><\/li>\n\t\t\t\t\t\t<\/ul>\n\t\t\t\t<\/div>\n\t\t\t\t<\/div>\n\t\t\t\t<\/div>\n\t\t\t\t<\/div>\n\t\t\t\t\t<\/div>\n\t\t\t\t<\/div>\n\t\t\t\t<\/div>","protected":false},"excerpt":{"rendered":"<p>SkinPRO Liep\u0101jas fili\u0101le Rebeka Babicka Administr\u0101tore Laipna un izpal\u012bdz\u012bga. Ar rado\u0161u attieksmi un smaidu pret darbu. Ar prieku str\u0101d\u0101 komand\u0101 un veido t\u0101s pozit\u012bvo ener\u0123iju. Prot uzklaus\u012bt, tikai draudz\u012bga attieksme pret katru klientu. Vienm\u0113r atrad\u012bs piem\u0113rot\u0101ko laiku proced\u016brai un atg\u0101din\u0101s par n\u0101kamo apmekl\u0113jumu. Juta Abdulajeva Administr\u0101tore Akt\u012bva un ener\u0123iska persona. Aizraut\u012bga un zin\u0101tk\u0101ra kosmetolo\u0123ij\u0101. Organiz\u0113 [&hellip;]<\/p>\n","protected":false},"author":3,"featured_media":1331,"parent":0,"menu_order":0,"comment_status":"closed","ping_status":"closed","template":"","meta":{"footnotes":""},"class_list":["post-1326","page","type-page","status-publish","has-post-thumbnail","hentry"],"yoast_head":"<!-- This site is optimized with the Yoast SEO Premium plugin v20.11 (Yoast SEO v27.5) - https:\/\/yoast.com\/product\/yoast-seo-premium-wordpress\/ -->\n<title>SkinPRO skaistumkop\u0161anas speci\u0101listi - L\u0101zerepil\u0101cijas centrs<\/title>\n<meta name=\"description\" content=\"SkinPRO skaistumkop\u0161anas speci\u0101listi pal\u012bdz\u0113s jums izlemt proced\u016bru un konsult\u0113s piln\u012bgi bez maksas! Tikai kvalific\u0113ti speci\u0101listi!\" \/>\n<meta name=\"robots\" content=\"index, follow, max-snippet:-1, max-image-preview:large, max-video-preview:-1\" \/>\n<link rel=\"canonical\" href=\"https:\/\/skinproliepaja.lv\/ru\/par-specialistiem\/\" \/>\n<meta property=\"og:locale\" content=\"ru_RU\" \/>\n<meta property=\"og:type\" content=\"article\" \/>\n<meta property=\"og:title\" content=\"Par speci\u0101listiem\" \/>\n<meta property=\"og:description\" content=\"SkinPRO skaistumkop\u0161anas speci\u0101listi pal\u012bdz\u0113s jums izlemt proced\u016bru un konsult\u0113s piln\u012bgi bez maksas! Tikai kvalific\u0113ti speci\u0101listi!\" \/>\n<meta property=\"og:url\" content=\"https:\/\/skinproliepaja.lv\/ru\/par-specialistiem\/\" \/>\n<meta property=\"og:site_name\" content=\"SkinPRO\" \/>\n<meta property=\"article:publisher\" content=\"https:\/\/www.facebook.com\/Skinpro.lv\" \/>\n<meta property=\"article:modified_time\" content=\"2025-02-17T13:09:10+00:00\" \/>\n<meta property=\"og:image\" content=\"https:\/\/skinproliepaja.lv\/wp-content\/uploads\/2022\/04\/anna-marija-slava-768x1152-1.jpg\" \/>\n\t<meta property=\"og:image:width\" content=\"768\" \/>\n\t<meta property=\"og:image:height\" content=\"1152\" \/>\n\t<meta property=\"og:image:type\" content=\"image\/jpeg\" \/>\n<meta name=\"twitter:card\" content=\"summary_large_image\" \/>\n<meta name=\"twitter:label1\" content=\"\u041f\u0440\u0438\u043c\u0435\u0440\u043d\u043e\u0435 \u0432\u0440\u0435\u043c\u044f \u0434\u043b\u044f \u0447\u0442\u0435\u043d\u0438\u044f\" \/>\n\t<meta name=\"twitter:data1\" content=\"1 \u043c\u0438\u043d\u0443\u0442\u0430\" \/>\n<script type=\"application\/ld+json\" class=\"yoast-schema-graph\">{\"@context\":\"https:\\\/\\\/schema.org\",\"@graph\":[{\"@type\":\"WebPage\",\"@id\":\"https:\\\/\\\/skinproliepaja.lv\\\/par-specialistiem\\\/\",\"url\":\"https:\\\/\\\/skinproliepaja.lv\\\/par-specialistiem\\\/\",\"name\":\"SkinPRO skaistumkop\u0161anas speci\u0101listi - L\u0101zerepil\u0101cijas centrs\",\"isPartOf\":{\"@id\":\"https:\\\/\\\/skinproliepaja.lv\\\/#website\"},\"primaryImageOfPage\":{\"@id\":\"https:\\\/\\\/skinproliepaja.lv\\\/par-specialistiem\\\/#primaryimage\"},\"image\":{\"@id\":\"https:\\\/\\\/skinproliepaja.lv\\\/par-specialistiem\\\/#primaryimage\"},\"thumbnailUrl\":\"https:\\\/\\\/skinproliepaja.lv\\\/wp-content\\\/uploads\\\/2022\\\/04\\\/anna-marija-slava-768x1152-1.jpg\",\"datePublished\":\"2022-04-12T20:55:49+00:00\",\"dateModified\":\"2025-02-17T13:09:10+00:00\",\"description\":\"SkinPRO skaistumkop\u0161anas speci\u0101listi pal\u012bdz\u0113s jums izlemt proced\u016bru un konsult\u0113s piln\u012bgi bez maksas! Tikai kvalific\u0113ti speci\u0101listi!\",\"breadcrumb\":{\"@id\":\"https:\\\/\\\/skinproliepaja.lv\\\/par-specialistiem\\\/#breadcrumb\"},\"inLanguage\":\"ru-RU\",\"potentialAction\":[{\"@type\":\"ReadAction\",\"target\":[\"https:\\\/\\\/skinproliepaja.lv\\\/par-specialistiem\\\/\"]}]},{\"@type\":\"ImageObject\",\"inLanguage\":\"ru-RU\",\"@id\":\"https:\\\/\\\/skinproliepaja.lv\\\/par-specialistiem\\\/#primaryimage\",\"url\":\"https:\\\/\\\/skinproliepaja.lv\\\/wp-content\\\/uploads\\\/2022\\\/04\\\/anna-marija-slava-768x1152-1.jpg\",\"contentUrl\":\"https:\\\/\\\/skinproliepaja.lv\\\/wp-content\\\/uploads\\\/2022\\\/04\\\/anna-marija-slava-768x1152-1.jpg\",\"width\":768,\"height\":1152,\"caption\":\"SkinPRO skaistumkop\u0161anas speci\u0101listi\"},{\"@type\":\"BreadcrumbList\",\"@id\":\"https:\\\/\\\/skinproliepaja.lv\\\/par-specialistiem\\\/#breadcrumb\",\"itemListElement\":[{\"@type\":\"ListItem\",\"position\":1,\"name\":\"Galven\u0101\",\"item\":\"https:\\\/\\\/skinproliepaja.lv\\\/\"},{\"@type\":\"ListItem\",\"position\":2,\"name\":\"Par speci\u0101listiem\"}]},{\"@type\":\"WebSite\",\"@id\":\"https:\\\/\\\/skinproliepaja.lv\\\/#website\",\"url\":\"https:\\\/\\\/skinproliepaja.lv\\\/\",\"name\":\"SkinPRO\",\"description\":\"L\u0101zerepil\u0101cijas un kosmetolo\u0123ijas centrs\",\"publisher\":{\"@id\":\"https:\\\/\\\/skinproliepaja.lv\\\/#organization\"},\"potentialAction\":[{\"@type\":\"SearchAction\",\"target\":{\"@type\":\"EntryPoint\",\"urlTemplate\":\"https:\\\/\\\/skinproliepaja.lv\\\/?s={search_term_string}\"},\"query-input\":{\"@type\":\"PropertyValueSpecification\",\"valueRequired\":true,\"valueName\":\"search_term_string\"}}],\"inLanguage\":\"ru-RU\"},{\"@type\":\"Organization\",\"@id\":\"https:\\\/\\\/skinproliepaja.lv\\\/#organization\",\"name\":\"L\u0101zerepil\u0101cijas un kosmetolo\u0123ijas centrs SkinPRO\",\"url\":\"https:\\\/\\\/skinproliepaja.lv\\\/\",\"logo\":{\"@type\":\"ImageObject\",\"inLanguage\":\"ru-RU\",\"@id\":\"https:\\\/\\\/skinproliepaja.lv\\\/#\\\/schema\\\/logo\\\/image\\\/\",\"url\":\"https:\\\/\\\/skinproliepaja.lv\\\/wp-content\\\/uploads\\\/2022\\\/04\\\/logo-dark.svg\",\"contentUrl\":\"https:\\\/\\\/skinproliepaja.lv\\\/wp-content\\\/uploads\\\/2022\\\/04\\\/logo-dark.svg\",\"width\":615,\"height\":160,\"caption\":\"L\u0101zerepil\u0101cijas un kosmetolo\u0123ijas centrs SkinPRO\"},\"image\":{\"@id\":\"https:\\\/\\\/skinproliepaja.lv\\\/#\\\/schema\\\/logo\\\/image\\\/\"},\"sameAs\":[\"https:\\\/\\\/www.facebook.com\\\/Skinpro.lv\",\"https:\\\/\\\/www.instagram.com\\\/skinpro_lv\\\/\"]}]}<\/script>\n<!-- \/ Yoast SEO Premium plugin. -->","yoast_head_json":{"title":"\u0421\u043f\u0435\u0446\u0438\u0430\u043b\u0438\u0441\u0442\u044b SkinPRO - \u0426\u0435\u043d\u0442\u0440 \u043b\u0430\u0437\u0435\u0440\u043d\u043e\u0439 \u044d\u043f\u0438\u043b\u044f\u0446\u0438\u0438 \u0432 \u0420\u0438\u0433\u0435","description":"SkinPRO \u0441\u043f\u0435\u0446\u0438\u0430\u043b\u0438\u0441\u0442\u044b \u043f\u043e\u043c\u043e\u0433\u0443\u0442 \u043f\u043e\u0434\u043e\u0431\u0440\u0430\u0442\u044c \u0434\u043b\u044f \u0432\u0430\u0441 \u043f\u043e\u0434\u0445\u043e\u0434\u044f\u0449\u0443\u044e \u043f\u0440\u043e\u0446\u0435\u0434\u0443\u0440\u0443 \u0438 \u043f\u0440\u043e\u043a\u043e\u043d\u0441\u0443\u043b\u044c\u0442\u0438\u0440\u0443\u044e\u0442 \u0441\u043e\u0432\u0435\u0440\u0448\u0435\u043d\u043d\u043e \u0431\u0435\u0441\u043f\u043b\u0430\u0442\u043d\u043e\u0439!","robots":{"index":"index","follow":"follow","max-snippet":"max-snippet:-1","max-image-preview":"max-image-preview:large","max-video-preview":"max-video-preview:-1"},"canonical":"https:\/\/skinproliepaja.lv\/ru\/par-specialistiem\/","og_locale":"ru_RU","og_type":"article","og_title":"Par speci\u0101listiem","og_description":"SkinPRO skaistumkop\u0161anas speci\u0101listi pal\u012bdz\u0113s jums izlemt proced\u016bru un konsult\u0113s piln\u012bgi bez maksas! Tikai kvalific\u0113ti speci\u0101listi!","og_url":"https:\/\/skinproliepaja.lv\/ru\/par-specialistiem\/","og_site_name":"SkinPRO","article_publisher":"https:\/\/www.facebook.com\/Skinpro.lv","article_modified_time":"2025-02-17T13:09:10+00:00","og_image":[{"width":768,"height":1152,"url":"https:\/\/skinproliepaja.lv\/wp-content\/uploads\/2022\/04\/anna-marija-slava-768x1152-1.jpg","type":"image\/jpeg"}],"twitter_card":"summary_large_image","twitter_misc":{"\u041f\u0440\u0438\u043c\u0435\u0440\u043d\u043e\u0435 \u0432\u0440\u0435\u043c\u044f \u0434\u043b\u044f \u0447\u0442\u0435\u043d\u0438\u044f":"1 \u043c\u0438\u043d\u0443\u0442\u0430"},"schema":{"@context":"https:\/\/schema.org","@graph":[{"@type":"WebPage","@id":"https:\/\/skinproliepaja.lv\/par-specialistiem\/","url":"https:\/\/skinproliepaja.lv\/par-specialistiem\/","name":"\u0421\u043f\u0435\u0446\u0438\u0430\u043b\u0438\u0441\u0442\u044b SkinPRO - \u0426\u0435\u043d\u0442\u0440 \u043b\u0430\u0437\u0435\u0440\u043d\u043e\u0439 \u044d\u043f\u0438\u043b\u044f\u0446\u0438\u0438 \u0432 \u0420\u0438\u0433\u0435","isPartOf":{"@id":"https:\/\/skinproliepaja.lv\/#website"},"primaryImageOfPage":{"@id":"https:\/\/skinproliepaja.lv\/par-specialistiem\/#primaryimage"},"image":{"@id":"https:\/\/skinproliepaja.lv\/par-specialistiem\/#primaryimage"},"thumbnailUrl":"https:\/\/skinproliepaja.lv\/wp-content\/uploads\/2022\/04\/anna-marija-slava-768x1152-1.jpg","datePublished":"2022-04-12T20:55:49+00:00","dateModified":"2025-02-17T13:09:10+00:00","description":"SkinPRO \u0441\u043f\u0435\u0446\u0438\u0430\u043b\u0438\u0441\u0442\u044b \u043f\u043e\u043c\u043e\u0433\u0443\u0442 \u043f\u043e\u0434\u043e\u0431\u0440\u0430\u0442\u044c \u0434\u043b\u044f \u0432\u0430\u0441 \u043f\u043e\u0434\u0445\u043e\u0434\u044f\u0449\u0443\u044e \u043f\u0440\u043e\u0446\u0435\u0434\u0443\u0440\u0443 \u0438 \u043f\u0440\u043e\u043a\u043e\u043d\u0441\u0443\u043b\u044c\u0442\u0438\u0440\u0443\u044e\u0442 \u0441\u043e\u0432\u0435\u0440\u0448\u0435\u043d\u043d\u043e \u0431\u0435\u0441\u043f\u043b\u0430\u0442\u043d\u043e\u0439!","breadcrumb":{"@id":"https:\/\/skinproliepaja.lv\/par-specialistiem\/#breadcrumb"},"inLanguage":"ru-RU","potentialAction":[{"@type":"ReadAction","target":["https:\/\/skinproliepaja.lv\/par-specialistiem\/"]}]},{"@type":"ImageObject","inLanguage":"ru-RU","@id":"https:\/\/skinproliepaja.lv\/par-specialistiem\/#primaryimage","url":"https:\/\/skinproliepaja.lv\/wp-content\/uploads\/2022\/04\/anna-marija-slava-768x1152-1.jpg","contentUrl":"https:\/\/skinproliepaja.lv\/wp-content\/uploads\/2022\/04\/anna-marija-slava-768x1152-1.jpg","width":768,"height":1152,"caption":"SkinPRO skaistumkop\u0161anas speci\u0101listi"},{"@type":"BreadcrumbList","@id":"https:\/\/skinproliepaja.lv\/par-specialistiem\/#breadcrumb","itemListElement":[{"@type":"ListItem","position":1,"name":"Galven\u0101","item":"https:\/\/skinproliepaja.lv\/"},{"@type":"ListItem","position":2,"name":"Par speci\u0101listiem"}]},{"@type":"WebSite","@id":"https:\/\/skinproliepaja.lv\/#website","url":"https:\/\/skinproliepaja.lv\/","name":"SkinPRO","description":"\u0426\u0435\u043d\u0442\u0440 \u043b\u0430\u0437\u0435\u0440\u043d\u043e\u0439 \u044d\u043f\u0438\u043b\u044f\u0446\u0438\u0438 \u0438 \u043a\u043e\u0441\u043c\u0435\u0442\u043e\u043b\u043e\u0433\u0438\u0438","publisher":{"@id":"https:\/\/skinproliepaja.lv\/#organization"},"potentialAction":[{"@type":"SearchAction","target":{"@type":"EntryPoint","urlTemplate":"https:\/\/skinproliepaja.lv\/?s={search_term_string}"},"query-input":{"@type":"PropertyValueSpecification","valueRequired":true,"valueName":"search_term_string"}}],"inLanguage":"ru-RU"},{"@type":"Organization","@id":"https:\/\/skinproliepaja.lv\/#organization","name":"\u0426\u0435\u043d\u0442\u0440 \u043b\u0430\u0437\u0435\u0440\u043d\u043e\u0439 \u044d\u043f\u0438\u043b\u044f\u0446\u0438\u0438 \u0438 \u0430\u043f\u043f\u0430\u0440\u0430\u0442\u043d\u043e\u0439 \u043a\u043e\u0440\u0440\u0435\u043a\u0446\u0438\u0438 \u0442\u0435\u043b\u0430 SkinPRO","url":"https:\/\/skinproliepaja.lv\/","logo":{"@type":"ImageObject","inLanguage":"ru-RU","@id":"https:\/\/skinproliepaja.lv\/#\/schema\/logo\/image\/","url":"https:\/\/skinproliepaja.lv\/wp-content\/uploads\/2022\/04\/logo-dark.svg","contentUrl":"https:\/\/skinproliepaja.lv\/wp-content\/uploads\/2022\/04\/logo-dark.svg","width":615,"height":160,"caption":"L\u0101zerepil\u0101cijas un kosmetolo\u0123ijas centrs SkinPRO"},"image":{"@id":"https:\/\/skinproliepaja.lv\/#\/schema\/logo\/image\/"},"sameAs":["https:\/\/www.facebook.com\/Skinpro.lv","https:\/\/www.instagram.com\/skinpro_lv\/"]}]}},"_links":{"self":[{"href":"https:\/\/skinproliepaja.lv\/ru\/wp-json\/wp\/v2\/pages\/1326","targetHints":{"allow":["GET"]}}],"collection":[{"href":"https:\/\/skinproliepaja.lv\/ru\/wp-json\/wp\/v2\/pages"}],"about":[{"href":"https:\/\/skinproliepaja.lv\/ru\/wp-json\/wp\/v2\/types\/page"}],"author":[{"embeddable":true,"href":"https:\/\/skinproliepaja.lv\/ru\/wp-json\/wp\/v2\/users\/3"}],"replies":[{"embeddable":true,"href":"https:\/\/skinproliepaja.lv\/ru\/wp-json\/wp\/v2\/comments?post=1326"}],"version-history":[{"count":0,"href":"https:\/\/skinproliepaja.lv\/ru\/wp-json\/wp\/v2\/pages\/1326\/revisions"}],"wp:featuredmedia":[{"embeddable":true,"href":"https:\/\/skinproliepaja.lv\/ru\/wp-json\/wp\/v2\/media\/1331"}],"wp:attachment":[{"href":"https:\/\/skinproliepaja.lv\/ru\/wp-json\/wp\/v2\/media?parent=1326"}],"curies":[{"name":"wp","href":"https:\/\/api.w.org\/{rel}","templated":true}]}}