{"id":3186,"date":"2022-07-18T17:15:56","date_gmt":"2022-07-18T14:15:56","guid":{"rendered":"https:\/\/skinproliepaja.lv\/?page_id=3186"},"modified":"2022-07-21T10:22:33","modified_gmt":"2022-07-21T07:22:33","slug":"skinpro-noteikumi","status":"publish","type":"page","link":"https:\/\/skinproliepaja.lv\/en\/skinpro-noteikumi\/","title":{"rendered":"SkinPRO Terms and Conditions"},"content":{"rendered":"<div data-elementor-type=\"wp-page\" data-elementor-id=\"3186\" class=\"elementor elementor-3186\" data-elementor-post-type=\"page\">\n\t\t\t\t\t\t<section class=\"elementor-section elementor-top-section elementor-element elementor-element-b29c32b elementor-section-boxed elementor-section-height-default elementor-section-height-default xts-section-disabled\" data-id=\"b29c32b\" data-element_type=\"section\">\n\t\t\t\t\t\t<div class=\"elementor-container elementor-column-gap-default\">\n\t\t\t\t\t<div class=\"elementor-column elementor-col-100 elementor-top-column elementor-element elementor-element-c3c07fb\" data-id=\"c3c07fb\" data-element_type=\"column\">\n\t\t\t<div class=\"elementor-widget-wrap elementor-element-populated\">\n\t\t\t\t\t\t<div class=\"elementor-element elementor-element-38a850d xts-scheme-inherit xts-textalign-inherit elementor-widget elementor-widget-text-editor\" data-id=\"38a850d\" data-element_type=\"widget\" data-widget_type=\"text-editor.default\">\n\t\t\t\t<div class=\"elementor-widget-container\">\n\t\t\t\t\t\t\t<h1>Terms of use of the subscription<\/h1><ol><li class=\"translation-block\">The validity period of the subscription is <strong>6 months<\/strong> from the date of purchase. If you do not use the service - the amount will not be refunded.<\/li><li>When purchasing a subscription to one of the machine massages, the appointment is exclusively for the selected treatment and cannot be exchanged for the other.<\/li><li class=\"translation-block\">When you book the whole course of treatments in advance, please notify us of the changes\/cancellations at least two days in advance, if the cancellation is less than <strong>24 hours before the treatment,<\/strong> you will be charged <strong>100% of the amount<\/strong> for that treatment.<\/li><li>The subscription is subject to freezing or refund only in case of medical reasons, upon presentation of a medical certificate.<\/li><\/ol><p>Thank you for understanding,<\/p><p><strong>SKINPRO - Your beauty expert<\/strong><\/p>\t\t\t\t\t\t<\/div>\n\t\t\t\t<\/div>\n\t\t\t\t\t<\/div>\n\t\t<\/div>\n\t\t\t\t\t<\/div>\n\t\t<\/section>\n\t\t\t\t<\/div>","protected":false},"excerpt":{"rendered":"<p>Abonementu lieto\u0161anas noteikumi Abonementa der\u012bguma termi\u0146\u0161 ir 6 m\u0113ne\u0161i no ieg\u0101des datuma. Gadijum\u0101, ja pakalpojums nav izmantots &#8211; summa netiek atmaks\u0101ta. P\u0113rkot abonementu uz k\u0101du no mas\u0101\u017eas&nbsp;aparatproced\u016bru, pieraksts tiek veikts tikai uz izv\u0113l\u0113to proced\u016bru un main\u012bt uz citu proced\u016bru nav iesp\u0113jams. Iepriek\u0161 veicot pierakstu uz visu proced\u016bras kursu, par izmai\u0146\u0101m \/ atcel\u0161anu l\u016bgums inform\u0113t vismaz [&hellip;]<\/p>\n","protected":false},"author":3,"featured_media":1141,"parent":0,"menu_order":0,"comment_status":"closed","ping_status":"closed","template":"","meta":{"footnotes":""},"class_list":["post-3186","page","type-page","status-publish","has-post-thumbnail","hentry"],"yoast_head":"<!-- This site is optimized with the Yoast SEO Premium plugin v20.11 (Yoast SEO v27.3) - https:\/\/yoast.com\/product\/yoast-seo-premium-wordpress\/ -->\n<title>SkinPRO noteikumi - L\u0101zerepil\u0101cijas un kosmetolo\u0123ijas centrs<\/title>\n<meta name=\"description\" content=\"M\u016bsu centrs pied\u0101v\u0101 l\u0101zerepil\u0101ciju un \u0137erme\u0146a korekciju, apvienojot augstas kvalit\u0101tes proced\u016bras ar maksim\u0101lu komfortu.SkinPRO noteikumi\" \/>\n<meta name=\"robots\" content=\"index, follow, max-snippet:-1, max-image-preview:large, max-video-preview:-1\" \/>\n<link rel=\"canonical\" href=\"https:\/\/skinproliepaja.lv\/en\/skinpro-noteikumi\/\" \/>\n<meta property=\"og:locale\" content=\"en_US\" \/>\n<meta property=\"og:type\" content=\"article\" \/>\n<meta property=\"og:title\" content=\"SkinPRO noteikumi\" \/>\n<meta property=\"og:description\" content=\"M\u016bsu centrs pied\u0101v\u0101 l\u0101zerepil\u0101ciju un \u0137erme\u0146a korekciju, apvienojot augstas kvalit\u0101tes proced\u016bras ar maksim\u0101lu komfortu.SkinPRO noteikumi\" \/>\n<meta property=\"og:url\" content=\"https:\/\/skinproliepaja.lv\/en\/skinpro-noteikumi\/\" \/>\n<meta property=\"og:site_name\" content=\"SkinPRO\" \/>\n<meta property=\"article:publisher\" content=\"https:\/\/www.facebook.com\/Skinpro.lv\" \/>\n<meta property=\"article:modified_time\" content=\"2022-07-21T07:22:33+00:00\" \/>\n<meta property=\"og:image\" content=\"https:\/\/skinproliepaja.lv\/wp-content\/uploads\/2022\/04\/frame-6-scaled-1.webp\" \/>\n\t<meta property=\"og:image:width\" content=\"2560\" \/>\n\t<meta property=\"og:image:height\" content=\"1707\" \/>\n\t<meta property=\"og:image:type\" content=\"image\/webp\" \/>\n<meta name=\"twitter:card\" content=\"summary_large_image\" \/>\n<meta name=\"twitter:label1\" content=\"Est. reading time\" \/>\n\t<meta name=\"twitter:data1\" content=\"1 minute\" \/>\n<script type=\"application\/ld+json\" class=\"yoast-schema-graph\">{\"@context\":\"https:\\\/\\\/schema.org\",\"@graph\":[{\"@type\":\"WebPage\",\"@id\":\"https:\\\/\\\/skinproliepaja.lv\\\/skinpro-noteikumi\\\/\",\"url\":\"https:\\\/\\\/skinproliepaja.lv\\\/skinpro-noteikumi\\\/\",\"name\":\"SkinPRO noteikumi - L\u0101zerepil\u0101cijas un kosmetolo\u0123ijas centrs\",\"isPartOf\":{\"@id\":\"https:\\\/\\\/skinproliepaja.lv\\\/#website\"},\"primaryImageOfPage\":{\"@id\":\"https:\\\/\\\/skinproliepaja.lv\\\/skinpro-noteikumi\\\/#primaryimage\"},\"image\":{\"@id\":\"https:\\\/\\\/skinproliepaja.lv\\\/skinpro-noteikumi\\\/#primaryimage\"},\"thumbnailUrl\":\"https:\\\/\\\/skinproliepaja.lv\\\/wp-content\\\/uploads\\\/2022\\\/04\\\/frame-6-scaled-1.webp\",\"datePublished\":\"2022-07-18T14:15:56+00:00\",\"dateModified\":\"2022-07-21T07:22:33+00:00\",\"description\":\"M\u016bsu centrs pied\u0101v\u0101 l\u0101zerepil\u0101ciju un \u0137erme\u0146a korekciju, apvienojot augstas kvalit\u0101tes proced\u016bras ar maksim\u0101lu komfortu.SkinPRO noteikumi\",\"breadcrumb\":{\"@id\":\"https:\\\/\\\/skinproliepaja.lv\\\/skinpro-noteikumi\\\/#breadcrumb\"},\"inLanguage\":\"en-US\",\"potentialAction\":[{\"@type\":\"ReadAction\",\"target\":[\"https:\\\/\\\/skinproliepaja.lv\\\/skinpro-noteikumi\\\/\"]}]},{\"@type\":\"ImageObject\",\"inLanguage\":\"en-US\",\"@id\":\"https:\\\/\\\/skinproliepaja.lv\\\/skinpro-noteikumi\\\/#primaryimage\",\"url\":\"https:\\\/\\\/skinproliepaja.lv\\\/wp-content\\\/uploads\\\/2022\\\/04\\\/frame-6-scaled-1.webp\",\"contentUrl\":\"https:\\\/\\\/skinproliepaja.lv\\\/wp-content\\\/uploads\\\/2022\\\/04\\\/frame-6-scaled-1.webp\",\"width\":2560,\"height\":1707,\"caption\":\"SkinPRO L\u0101zerepil\u0101cijas noteikumi\"},{\"@type\":\"BreadcrumbList\",\"@id\":\"https:\\\/\\\/skinproliepaja.lv\\\/skinpro-noteikumi\\\/#breadcrumb\",\"itemListElement\":[{\"@type\":\"ListItem\",\"position\":1,\"name\":\"Galven\u0101\",\"item\":\"https:\\\/\\\/skinproliepaja.lv\\\/\"},{\"@type\":\"ListItem\",\"position\":2,\"name\":\"SkinPRO noteikumi\"}]},{\"@type\":\"WebSite\",\"@id\":\"https:\\\/\\\/skinproliepaja.lv\\\/#website\",\"url\":\"https:\\\/\\\/skinproliepaja.lv\\\/\",\"name\":\"SkinPRO\",\"description\":\"L\u0101zerepil\u0101cijas un kosmetolo\u0123ijas centrs\",\"publisher\":{\"@id\":\"https:\\\/\\\/skinproliepaja.lv\\\/#organization\"},\"potentialAction\":[{\"@type\":\"SearchAction\",\"target\":{\"@type\":\"EntryPoint\",\"urlTemplate\":\"https:\\\/\\\/skinproliepaja.lv\\\/?s={search_term_string}\"},\"query-input\":{\"@type\":\"PropertyValueSpecification\",\"valueRequired\":true,\"valueName\":\"search_term_string\"}}],\"inLanguage\":\"en-US\"},{\"@type\":\"Organization\",\"@id\":\"https:\\\/\\\/skinproliepaja.lv\\\/#organization\",\"name\":\"L\u0101zerepil\u0101cijas un kosmetolo\u0123ijas centrs SkinPRO\",\"url\":\"https:\\\/\\\/skinproliepaja.lv\\\/\",\"logo\":{\"@type\":\"ImageObject\",\"inLanguage\":\"en-US\",\"@id\":\"https:\\\/\\\/skinproliepaja.lv\\\/#\\\/schema\\\/logo\\\/image\\\/\",\"url\":\"https:\\\/\\\/skinproliepaja.lv\\\/wp-content\\\/uploads\\\/2022\\\/04\\\/logo-dark.svg\",\"contentUrl\":\"https:\\\/\\\/skinproliepaja.lv\\\/wp-content\\\/uploads\\\/2022\\\/04\\\/logo-dark.svg\",\"width\":615,\"height\":160,\"caption\":\"L\u0101zerepil\u0101cijas un kosmetolo\u0123ijas centrs SkinPRO\"},\"image\":{\"@id\":\"https:\\\/\\\/skinproliepaja.lv\\\/#\\\/schema\\\/logo\\\/image\\\/\"},\"sameAs\":[\"https:\\\/\\\/www.facebook.com\\\/Skinpro.lv\",\"https:\\\/\\\/www.instagram.com\\\/skinpro_lv\\\/\"]}]}<\/script>\n<!-- \/ Yoast SEO Premium plugin. -->","yoast_head_json":{"title":"SkinPRO noteikumi - L\u0101zerepil\u0101cijas un kosmetolo\u0123ijas centrs","description":"M\u016bsu centrs pied\u0101v\u0101 l\u0101zerepil\u0101ciju un \u0137erme\u0146a korekciju, apvienojot augstas kvalit\u0101tes proced\u016bras ar maksim\u0101lu komfortu.SkinPRO noteikumi","robots":{"index":"index","follow":"follow","max-snippet":"max-snippet:-1","max-image-preview":"max-image-preview:large","max-video-preview":"max-video-preview:-1"},"canonical":"https:\/\/skinproliepaja.lv\/en\/skinpro-noteikumi\/","og_locale":"en_US","og_type":"article","og_title":"SkinPRO noteikumi","og_description":"M\u016bsu centrs pied\u0101v\u0101 l\u0101zerepil\u0101ciju un \u0137erme\u0146a korekciju, apvienojot augstas kvalit\u0101tes proced\u016bras ar maksim\u0101lu komfortu.SkinPRO noteikumi","og_url":"https:\/\/skinproliepaja.lv\/en\/skinpro-noteikumi\/","og_site_name":"SkinPRO","article_publisher":"https:\/\/www.facebook.com\/Skinpro.lv","article_modified_time":"2022-07-21T07:22:33+00:00","og_image":[{"width":2560,"height":1707,"url":"https:\/\/skinproliepaja.lv\/wp-content\/uploads\/2022\/04\/frame-6-scaled-1.webp","type":"image\/webp"}],"twitter_card":"summary_large_image","twitter_misc":{"Est. reading time":"1 minute"},"schema":{"@context":"https:\/\/schema.org","@graph":[{"@type":"WebPage","@id":"https:\/\/skinproliepaja.lv\/skinpro-noteikumi\/","url":"https:\/\/skinproliepaja.lv\/skinpro-noteikumi\/","name":"SkinPRO noteikumi - L\u0101zerepil\u0101cijas un kosmetolo\u0123ijas centrs","isPartOf":{"@id":"https:\/\/skinproliepaja.lv\/#website"},"primaryImageOfPage":{"@id":"https:\/\/skinproliepaja.lv\/skinpro-noteikumi\/#primaryimage"},"image":{"@id":"https:\/\/skinproliepaja.lv\/skinpro-noteikumi\/#primaryimage"},"thumbnailUrl":"https:\/\/skinproliepaja.lv\/wp-content\/uploads\/2022\/04\/frame-6-scaled-1.webp","datePublished":"2022-07-18T14:15:56+00:00","dateModified":"2022-07-21T07:22:33+00:00","description":"M\u016bsu centrs pied\u0101v\u0101 l\u0101zerepil\u0101ciju un \u0137erme\u0146a korekciju, apvienojot augstas kvalit\u0101tes proced\u016bras ar maksim\u0101lu komfortu.SkinPRO noteikumi","breadcrumb":{"@id":"https:\/\/skinproliepaja.lv\/skinpro-noteikumi\/#breadcrumb"},"inLanguage":"en-US","potentialAction":[{"@type":"ReadAction","target":["https:\/\/skinproliepaja.lv\/skinpro-noteikumi\/"]}]},{"@type":"ImageObject","inLanguage":"en-US","@id":"https:\/\/skinproliepaja.lv\/skinpro-noteikumi\/#primaryimage","url":"https:\/\/skinproliepaja.lv\/wp-content\/uploads\/2022\/04\/frame-6-scaled-1.webp","contentUrl":"https:\/\/skinproliepaja.lv\/wp-content\/uploads\/2022\/04\/frame-6-scaled-1.webp","width":2560,"height":1707,"caption":"SkinPRO L\u0101zerepil\u0101cijas noteikumi"},{"@type":"BreadcrumbList","@id":"https:\/\/skinproliepaja.lv\/skinpro-noteikumi\/#breadcrumb","itemListElement":[{"@type":"ListItem","position":1,"name":"Galven\u0101","item":"https:\/\/skinproliepaja.lv\/"},{"@type":"ListItem","position":2,"name":"SkinPRO noteikumi"}]},{"@type":"WebSite","@id":"https:\/\/skinproliepaja.lv\/#website","url":"https:\/\/skinproliepaja.lv\/","name":"SkinPRO","description":"Center of laser hair removal and cosmetology","publisher":{"@id":"https:\/\/skinproliepaja.lv\/#organization"},"potentialAction":[{"@type":"SearchAction","target":{"@type":"EntryPoint","urlTemplate":"https:\/\/skinproliepaja.lv\/?s={search_term_string}"},"query-input":{"@type":"PropertyValueSpecification","valueRequired":true,"valueName":"search_term_string"}}],"inLanguage":"en-US"},{"@type":"Organization","@id":"https:\/\/skinproliepaja.lv\/#organization","name":"L\u0101zerepil\u0101cijas un kosmetolo\u0123ijas centrs SkinPRO","url":"https:\/\/skinproliepaja.lv\/","logo":{"@type":"ImageObject","inLanguage":"en-US","@id":"https:\/\/skinproliepaja.lv\/#\/schema\/logo\/image\/","url":"https:\/\/skinproliepaja.lv\/wp-content\/uploads\/2022\/04\/logo-dark.svg","contentUrl":"https:\/\/skinproliepaja.lv\/wp-content\/uploads\/2022\/04\/logo-dark.svg","width":615,"height":160,"caption":"L\u0101zerepil\u0101cijas un kosmetolo\u0123ijas centrs SkinPRO"},"image":{"@id":"https:\/\/skinproliepaja.lv\/#\/schema\/logo\/image\/"},"sameAs":["https:\/\/www.facebook.com\/Skinpro.lv","https:\/\/www.instagram.com\/skinpro_lv\/"]}]}},"_links":{"self":[{"href":"https:\/\/skinproliepaja.lv\/en\/wp-json\/wp\/v2\/pages\/3186","targetHints":{"allow":["GET"]}}],"collection":[{"href":"https:\/\/skinproliepaja.lv\/en\/wp-json\/wp\/v2\/pages"}],"about":[{"href":"https:\/\/skinproliepaja.lv\/en\/wp-json\/wp\/v2\/types\/page"}],"author":[{"embeddable":true,"href":"https:\/\/skinproliepaja.lv\/en\/wp-json\/wp\/v2\/users\/3"}],"replies":[{"embeddable":true,"href":"https:\/\/skinproliepaja.lv\/en\/wp-json\/wp\/v2\/comments?post=3186"}],"version-history":[{"count":0,"href":"https:\/\/skinproliepaja.lv\/en\/wp-json\/wp\/v2\/pages\/3186\/revisions"}],"wp:featuredmedia":[{"embeddable":true,"href":"https:\/\/skinproliepaja.lv\/en\/wp-json\/wp\/v2\/media\/1141"}],"wp:attachment":[{"href":"https:\/\/skinproliepaja.lv\/en\/wp-json\/wp\/v2\/media?parent=3186"}],"curies":[{"name":"wp","href":"https:\/\/api.w.org\/{rel}","templated":true}]}}