{"id":1978,"date":"2022-04-20T19:22:09","date_gmt":"2022-04-20T16:22:09","guid":{"rendered":"https:\/\/skinproliepaja.lv\/?page_id=1978"},"modified":"2024-07-06T16:10:40","modified_gmt":"2024-07-06T13:10:40","slug":"par-skinpro","status":"publish","type":"page","link":"https:\/\/skinproliepaja.lv\/en\/par-skinpro\/","title":{"rendered":"About SKINPRO"},"content":{"rendered":"<div data-elementor-type=\"wp-page\" data-elementor-id=\"1978\" class=\"elementor elementor-1978\" data-elementor-post-type=\"page\">\n\t\t\t\t<div class=\"elementor-element elementor-element-22e9180 animated-slow xts-section-stretch e-flex e-con-boxed elementor-invisible e-con e-parent\" data-id=\"22e9180\" data-element_type=\"container\" data-settings=\"{&quot;animation&quot;:&quot;fadeIn&quot;}\">\n\t\t\t\t\t<div class=\"e-con-inner\">\n\t\t<div class=\"elementor-element elementor-element-0d6af10 e-con-full e-flex xts-section-disabled e-con e-child\" data-id=\"0d6af10\" data-element_type=\"container\">\n\t\t\t\t<div class=\"elementor-element elementor-element-2ac8260 elementor-widget elementor-widget-image\" data-id=\"2ac8260\" data-element_type=\"widget\" data-settings=\"{&quot;motion_fx_motion_fx_mouse&quot;:&quot;yes&quot;,&quot;motion_fx_mouseTrack_effect&quot;:&quot;yes&quot;,&quot;motion_fx_mouseTrack_speed&quot;:{&quot;unit&quot;:&quot;px&quot;,&quot;size&quot;:0.1,&quot;sizes&quot;:[]}}\" data-widget_type=\"image.default\">\n\t\t\t\t<div class=\"elementor-widget-container\">\n\t\t\t\t\t\t\t\t\t\t\t\t\t<img fetchpriority=\"high\" decoding=\"async\" width=\"787\" height=\"702\" src=\"https:\/\/skinproliepaja.lv\/wp-content\/uploads\/2022\/04\/group-25.png\" class=\"attachment-large size-large wp-image-1981\" alt=\"Par L\u0101zerepil\u0101cijas centru SkinPRO\" srcset=\"https:\/\/skinproliepaja.lv\/wp-content\/uploads\/2022\/04\/group-25.png 787w, https:\/\/skinproliepaja.lv\/wp-content\/uploads\/2022\/04\/group-25-300x268.png 300w, https:\/\/skinproliepaja.lv\/wp-content\/uploads\/2022\/04\/group-25-768x685.png 768w, https:\/\/skinproliepaja.lv\/wp-content\/uploads\/2022\/04\/group-25-13x12.png 13w\" sizes=\"(max-width: 787px) 100vw, 787px\" title=\"About SKINPRO\" \/>\t\t\t\t\t\t\t\t\t\t\t\t\t<\/div>\n\t\t\t\t<\/div>\n\t\t\t\t<\/div>\n\t\t<div class=\"elementor-element elementor-element-c6ee27c e-con-full e-flex xts-section-disabled e-con e-child\" data-id=\"c6ee27c\" data-element_type=\"container\">\n\t\t\t\t<div class=\"elementor-element elementor-element-d928b26 elementor-widget elementor-widget-heading\" data-id=\"d928b26\" data-element_type=\"widget\" data-widget_type=\"heading.default\">\n\t\t\t\t<div class=\"elementor-widget-container\">\n\t\t\t<p class=\"elementor-heading-title elementor-size-default\">SKINPRO - Your beauty expert<\/p>\t\t<\/div>\n\t\t\t\t<\/div>\n\t\t\t\t<div class=\"elementor-element elementor-element-fc18b5c elementor-widget elementor-widget-heading\" data-id=\"fc18b5c\" data-element_type=\"widget\" data-widget_type=\"heading.default\">\n\t\t\t\t<div class=\"elementor-widget-container\">\n\t\t\t<h2 class=\"elementor-heading-title elementor-size-default translation-block\"><u> A new level<\/u>  in the laser hair removal, beauty and health industry<\/h2>\t\t<\/div>\n\t\t\t\t<\/div>\n\t\t\t\t<div class=\"elementor-element elementor-element-b4e4ab2 xts-scheme-inherit xts-textalign-inherit elementor-widget elementor-widget-text-editor\" data-id=\"b4e4ab2\" data-element_type=\"widget\" data-widget_type=\"text-editor.default\">\n\t\t\t\t<div class=\"elementor-widget-container\">\n\t\t\t\t\t\t\t<p>Inspired by the state-of-the art approach to active lifestyles and the beauty industry, we have created a place where you can take advantage of the most vital and newest face and body care services:<\/p>\t\t\t\t\t\t<\/div>\n\t\t\t\t<\/div>\n\t\t\t\t<div class=\"elementor-element elementor-element-8ee9d38 elementor-icon-list--layout-traditional elementor-list-item-link-full_width elementor-widget elementor-widget-icon-list\" data-id=\"8ee9d38\" data-element_type=\"widget\" data-widget_type=\"icon-list.default\">\n\t\t\t\t<div class=\"elementor-widget-container\">\n\t\t\t\t\t<ul class=\"elementor-icon-list-items\">\n\t\t\t\t\t\t\t<li class=\"elementor-icon-list-item\">\n\t\t\t\t\t\t\t\t\t\t\t<span class=\"elementor-icon-list-icon\">\n\t\t\t\t\t\t\t<i aria-hidden=\"true\" class=\"icon icon-group-1\"><\/i>\t\t\t\t\t\t<\/span>\n\t\t\t\t\t\t\t\t\t\t<span class=\"elementor-icon-list-text\"><b>Laser hair removal<\/b><\/span>\n\t\t\t\t\t\t\t\t\t<\/li>\n\t\t\t\t\t\t\t\t<li class=\"elementor-icon-list-item\">\n\t\t\t\t\t\t\t\t\t\t\t<span class=\"elementor-icon-list-icon\">\n\t\t\t\t\t\t\t<i aria-hidden=\"true\" class=\"icon icon-group-1\"><\/i>\t\t\t\t\t\t<\/span>\n\t\t\t\t\t\t\t\t\t\t<span class=\"elementor-icon-list-text\"><b>Machine cosmetology<\/b><\/span>\n\t\t\t\t\t\t\t\t\t<\/li>\n\t\t\t\t\t\t<\/ul>\n\t\t\t\t<\/div>\n\t\t\t\t<\/div>\n\t\t\t\t<div class=\"elementor-element elementor-element-968c033 xts-scheme-inherit xts-textalign-inherit elementor-widget elementor-widget-text-editor\" data-id=\"968c033\" data-element_type=\"widget\" data-widget_type=\"text-editor.default\">\n\t\t\t\t<div class=\"elementor-widget-container\">\n\t\t\t\t\t\t\t<p>We care about your health and comfort, that is why we use the latest professional medical equipment.<\/p>\t\t\t\t\t\t<\/div>\n\t\t\t\t<\/div>\n\t\t\t\t<\/div>\n\t\t\t\t\t<\/div>\n\t\t\t\t<\/div>\n\t\t<div class=\"elementor-element elementor-element-01b25a3 animated-slow xts-section-stretch e-flex e-con-boxed elementor-invisible e-con e-parent\" data-id=\"01b25a3\" data-element_type=\"container\" data-settings=\"{&quot;animation&quot;:&quot;fadeIn&quot;}\">\n\t\t\t\t\t<div class=\"e-con-inner\">\n\t\t\t\t<div class=\"elementor-element elementor-element-ee4797b elementor-widget elementor-widget-heading\" data-id=\"ee4797b\" data-element_type=\"widget\" data-widget_type=\"heading.default\">\n\t\t\t\t<div class=\"elementor-widget-container\">\n\t\t\t<h2 class=\"elementor-heading-title elementor-size-default translation-block\"><u> SkinPRO<\/u>  offers everything for your comfort!<\/h2>\t\t<\/div>\n\t\t\t\t<\/div>\n\t\t\t\t<div class=\"elementor-element elementor-element-fd12784 xts-scheme-inherit xts-textalign-inherit elementor-widget elementor-widget-text-editor\" data-id=\"fd12784\" data-element_type=\"widget\" data-widget_type=\"text-editor.default\">\n\t\t\t\t<div class=\"elementor-widget-container\">\n\t\t\t\t\t\t\t<p class=\"translation-block\"><strong>InMode Triton<\/strong> is an innovative multifunctional platform that has become a breakthrough in aesthetic medicine. The invention of Israeli specialists enables to achieve maximum results, significantly reducing the number of treatments and expanding the range of action.<strong> DiolazeXL, Lumecca, Morpheus8, Forma<\/strong> and a lot more.<\/p><p class=\"translation-block\">In our work we adhere to the principle of combining a high level of quality and professionalism at affordable prices, maintaining ethics and honesty and integrity with each and every customer! We have over <strong>6000 customers<\/strong> in Riga, Liepaja and Daugavpils who trust us, appreciating our professional approach, which combines care for both beauty and health.<\/p>\t\t\t\t\t\t<\/div>\n\t\t\t\t<\/div>\n\t\t\t\t<div class=\"elementor-element elementor-element-e76967e elementor-widget elementor-widget-xts_title\" data-id=\"e76967e\" data-element_type=\"widget\" data-widget_type=\"xts_title.default\">\n\t\t\t\t<div class=\"elementor-widget-container\">\n\t\t\t\t\t\t<div class=\"xts-section-heading xts-reset-mb-10 xts-reset-last xts-textalign-left\" data-animation-delay=\"\">\r\n\t\t\t\t\r\n\t\t\t\t\t\t\t\t\t<h3 class=\"xts-section-title title xts-design-default xts-fontsize-l\">\r\n\t\t\t\t\t\t<span class=\"xts-section-title-text\" data-elementor-setting-key=\"title\">\r\n\t\t\t\t\t\t\tWhat will you find at SkinPRO centers?\t\t\t\t\t\t<\/span>\r\n\r\n\t\t\t\t\t\t\t\t\t\t\t<\/h3>\r\n\t\t\t\t\r\n\t\t\t\t\r\n\t\t\t\t\t\t\t<\/div>\r\n\t\t\t\t<\/div>\n\t\t\t\t<\/div>\n\t\t\t\t<div class=\"elementor-element elementor-element-db3a698 elementor-icon-list--layout-traditional elementor-list-item-link-full_width elementor-widget elementor-widget-icon-list\" data-id=\"db3a698\" data-element_type=\"widget\" data-widget_type=\"icon-list.default\">\n\t\t\t\t<div class=\"elementor-widget-container\">\n\t\t\t\t\t<ul class=\"elementor-icon-list-items\">\n\t\t\t\t\t\t\t<li class=\"elementor-icon-list-item\">\n\t\t\t\t\t\t\t\t\t\t\t<span class=\"elementor-icon-list-icon\">\n\t\t\t\t\t\t\t<i aria-hidden=\"true\" class=\"icon icon-group-1\"><\/i>\t\t\t\t\t\t<\/span>\n\t\t\t\t\t\t\t\t\t\t<span class=\"elementor-icon-list-text\">Professional - certified specialists with medical backgrounds;<\/span>\n\t\t\t\t\t\t\t\t\t<\/li>\n\t\t\t\t\t\t\t\t<li class=\"elementor-icon-list-item\">\n\t\t\t\t\t\t\t\t\t\t\t<span class=\"elementor-icon-list-icon\">\n\t\t\t\t\t\t\t<i aria-hidden=\"true\" class=\"icon icon-group-1\"><\/i>\t\t\t\t\t\t<\/span>\n\t\t\t\t\t\t\t\t\t\t<span class=\"elementor-icon-list-text\">Safe, clean and gentle care for your health;<\/span>\n\t\t\t\t\t\t\t\t\t<\/li>\n\t\t\t\t\t\t\t\t<li class=\"elementor-icon-list-item\">\n\t\t\t\t\t\t\t\t\t\t\t<span class=\"elementor-icon-list-icon\">\n\t\t\t\t\t\t\t<i aria-hidden=\"true\" class=\"icon icon-group-1\"><\/i>\t\t\t\t\t\t<\/span>\n\t\t\t\t\t\t\t\t\t\t<span class=\"elementor-icon-list-text\">Results and lasting effects;<\/span>\n\t\t\t\t\t\t\t\t\t<\/li>\n\t\t\t\t\t\t\t\t<li class=\"elementor-icon-list-item\">\n\t\t\t\t\t\t\t\t\t\t\t<span class=\"elementor-icon-list-icon\">\n\t\t\t\t\t\t\t<i aria-hidden=\"true\" class=\"icon icon-group-1\"><\/i>\t\t\t\t\t\t<\/span>\n\t\t\t\t\t\t\t\t\t\t<span class=\"elementor-icon-list-text\">Free of charge counseling;<\/span>\n\t\t\t\t\t\t\t\t\t<\/li>\n\t\t\t\t\t\t\t\t<li class=\"elementor-icon-list-item\">\n\t\t\t\t\t\t\t\t\t\t\t<span class=\"elementor-icon-list-icon\">\n\t\t\t\t\t\t\t<i aria-hidden=\"true\" class=\"icon icon-group-1\"><\/i>\t\t\t\t\t\t<\/span>\n\t\t\t\t\t\t\t\t\t\t<span class=\"elementor-icon-list-text\">Atmosphere of peace and harmony;<\/span>\n\t\t\t\t\t\t\t\t\t<\/li>\n\t\t\t\t\t\t<\/ul>\n\t\t\t\t<\/div>\n\t\t\t\t<\/div>\n\t\t\t\t\t<\/div>\n\t\t\t\t<\/div>\n\t\t\t\t<\/div>","protected":false},"excerpt":{"rendered":"<p>SKINPRO &#8211; Tavs skaistuma eksperts Jauns l\u012bmenis l\u0101zerepil\u0101cijas industrij\u0101, skaistuma un vesel\u012bbas nozar\u0113. Iedvesmojoties no m\u016bsdien\u012bg\u0101s pieejas akt\u012bvam dz\u012bvesveidam un skaistumkop\u0161anas industrijai, esam rad\u012bju\u0161i vietu, kur var\u0113siet izbaud\u012bt nepiecie\u0161am\u0101kos un jaun\u0101kos sejas un \u0137erme\u0146a kop\u0161anas pakalpojumus: L\u0101zerepil\u0101ciju Apar\u0101tkosmetolo\u0123iju Mums r\u016bp J\u016bsu vesel\u012bba un komforts, t\u0101p\u0113c m\u0113s izmantojam jaun\u0101ko profesion\u0101lo medic\u012bnisko apr\u012bkojumu. SkinPRO ir viss J\u016bsu [&hellip;]<\/p>\n","protected":false},"author":3,"featured_media":1981,"parent":0,"menu_order":0,"comment_status":"closed","ping_status":"closed","template":"","meta":{"footnotes":""},"class_list":["post-1978","page","type-page","status-publish","has-post-thumbnail","hentry"],"yoast_head":"<!-- This site is optimized with the Yoast SEO Premium plugin v20.11 (Yoast SEO v27.6) - https:\/\/yoast.com\/product\/yoast-seo-premium-wordpress\/ -->\n<title>Kvalit\u0101tes proced\u016bru garantija - SKINPRO<\/title>\n<meta name=\"description\" content=\"M\u016bsu centrs SkinPRO pied\u0101v\u0101 l\u0101zerepil\u0101cijas un \u0137erme\u0146a korekcijas pakalpojumus. Augstas kvalit\u0101tes proced\u016bru garantija par vislab\u0101kaj\u0101m cen\u0101m\" \/>\n<meta name=\"robots\" content=\"index, follow, max-snippet:-1, max-image-preview:large, max-video-preview:-1\" \/>\n<link rel=\"canonical\" href=\"https:\/\/skinproliepaja.lv\/en\/par-skinpro\/\" \/>\n<meta property=\"og:locale\" content=\"en_US\" \/>\n<meta property=\"og:type\" content=\"article\" \/>\n<meta property=\"og:title\" content=\"Par SKINPRO\" \/>\n<meta property=\"og:description\" content=\"M\u016bsu centrs SkinPRO pied\u0101v\u0101 l\u0101zerepil\u0101cijas un \u0137erme\u0146a korekcijas pakalpojumus. Augstas kvalit\u0101tes proced\u016bru garantija par vislab\u0101kaj\u0101m cen\u0101m\" \/>\n<meta property=\"og:url\" content=\"https:\/\/skinproliepaja.lv\/en\/par-skinpro\/\" \/>\n<meta property=\"og:site_name\" content=\"SkinPRO\" \/>\n<meta property=\"article:publisher\" content=\"https:\/\/www.facebook.com\/Skinpro.lv\" \/>\n<meta property=\"article:modified_time\" content=\"2024-07-06T13:10:40+00:00\" \/>\n<meta property=\"og:image\" content=\"https:\/\/skinproliepaja.lv\/wp-content\/uploads\/2022\/04\/group-25.png\" \/>\n\t<meta property=\"og:image:width\" content=\"787\" \/>\n\t<meta property=\"og:image:height\" content=\"702\" \/>\n\t<meta property=\"og:image:type\" content=\"image\/png\" \/>\n<meta name=\"twitter:card\" content=\"summary_large_image\" \/>\n<meta name=\"twitter:label1\" content=\"Est. reading time\" \/>\n\t<meta name=\"twitter:data1\" content=\"2 minutes\" \/>\n<script type=\"application\/ld+json\" class=\"yoast-schema-graph\">{\"@context\":\"https:\\\/\\\/schema.org\",\"@graph\":[{\"@type\":\"WebPage\",\"@id\":\"https:\\\/\\\/skinproliepaja.lv\\\/par-skinpro\\\/\",\"url\":\"https:\\\/\\\/skinproliepaja.lv\\\/par-skinpro\\\/\",\"name\":\"Kvalit\u0101tes proced\u016bru garantija - SKINPRO\",\"isPartOf\":{\"@id\":\"https:\\\/\\\/skinproliepaja.lv\\\/#website\"},\"primaryImageOfPage\":{\"@id\":\"https:\\\/\\\/skinproliepaja.lv\\\/par-skinpro\\\/#primaryimage\"},\"image\":{\"@id\":\"https:\\\/\\\/skinproliepaja.lv\\\/par-skinpro\\\/#primaryimage\"},\"thumbnailUrl\":\"https:\\\/\\\/skinproliepaja.lv\\\/wp-content\\\/uploads\\\/2022\\\/04\\\/group-25.png\",\"datePublished\":\"2022-04-20T16:22:09+00:00\",\"dateModified\":\"2024-07-06T13:10:40+00:00\",\"description\":\"M\u016bsu centrs SkinPRO pied\u0101v\u0101 l\u0101zerepil\u0101cijas un \u0137erme\u0146a korekcijas pakalpojumus. Augstas kvalit\u0101tes proced\u016bru garantija par vislab\u0101kaj\u0101m cen\u0101m\",\"breadcrumb\":{\"@id\":\"https:\\\/\\\/skinproliepaja.lv\\\/par-skinpro\\\/#breadcrumb\"},\"inLanguage\":\"en-US\",\"potentialAction\":[{\"@type\":\"ReadAction\",\"target\":[\"https:\\\/\\\/skinproliepaja.lv\\\/par-skinpro\\\/\"]}]},{\"@type\":\"ImageObject\",\"inLanguage\":\"en-US\",\"@id\":\"https:\\\/\\\/skinproliepaja.lv\\\/par-skinpro\\\/#primaryimage\",\"url\":\"https:\\\/\\\/skinproliepaja.lv\\\/wp-content\\\/uploads\\\/2022\\\/04\\\/group-25.png\",\"contentUrl\":\"https:\\\/\\\/skinproliepaja.lv\\\/wp-content\\\/uploads\\\/2022\\\/04\\\/group-25.png\",\"width\":787,\"height\":702,\"caption\":\"Par L\u0101zerepil\u0101cijas centru SkinPRO\"},{\"@type\":\"BreadcrumbList\",\"@id\":\"https:\\\/\\\/skinproliepaja.lv\\\/par-skinpro\\\/#breadcrumb\",\"itemListElement\":[{\"@type\":\"ListItem\",\"position\":1,\"name\":\"Galven\u0101\",\"item\":\"https:\\\/\\\/skinproliepaja.lv\\\/\"},{\"@type\":\"ListItem\",\"position\":2,\"name\":\"Par SKINPRO\"}]},{\"@type\":\"WebSite\",\"@id\":\"https:\\\/\\\/skinproliepaja.lv\\\/#website\",\"url\":\"https:\\\/\\\/skinproliepaja.lv\\\/\",\"name\":\"SkinPRO\",\"description\":\"L\u0101zerepil\u0101cijas un kosmetolo\u0123ijas centrs\",\"publisher\":{\"@id\":\"https:\\\/\\\/skinproliepaja.lv\\\/#organization\"},\"potentialAction\":[{\"@type\":\"SearchAction\",\"target\":{\"@type\":\"EntryPoint\",\"urlTemplate\":\"https:\\\/\\\/skinproliepaja.lv\\\/?s={search_term_string}\"},\"query-input\":{\"@type\":\"PropertyValueSpecification\",\"valueRequired\":true,\"valueName\":\"search_term_string\"}}],\"inLanguage\":\"en-US\"},{\"@type\":\"Organization\",\"@id\":\"https:\\\/\\\/skinproliepaja.lv\\\/#organization\",\"name\":\"L\u0101zerepil\u0101cijas un kosmetolo\u0123ijas centrs SkinPRO\",\"url\":\"https:\\\/\\\/skinproliepaja.lv\\\/\",\"logo\":{\"@type\":\"ImageObject\",\"inLanguage\":\"en-US\",\"@id\":\"https:\\\/\\\/skinproliepaja.lv\\\/#\\\/schema\\\/logo\\\/image\\\/\",\"url\":\"https:\\\/\\\/skinproliepaja.lv\\\/wp-content\\\/uploads\\\/2022\\\/04\\\/logo-dark.svg\",\"contentUrl\":\"https:\\\/\\\/skinproliepaja.lv\\\/wp-content\\\/uploads\\\/2022\\\/04\\\/logo-dark.svg\",\"width\":615,\"height\":160,\"caption\":\"L\u0101zerepil\u0101cijas un kosmetolo\u0123ijas centrs SkinPRO\"},\"image\":{\"@id\":\"https:\\\/\\\/skinproliepaja.lv\\\/#\\\/schema\\\/logo\\\/image\\\/\"},\"sameAs\":[\"https:\\\/\\\/www.facebook.com\\\/Skinpro.lv\",\"https:\\\/\\\/www.instagram.com\\\/skinpro_lv\\\/\"]}]}<\/script>\n<!-- \/ Yoast SEO Premium plugin. -->","yoast_head_json":{"title":"Kvalit\u0101tes proced\u016bru garantija - SKINPRO","description":"M\u016bsu centrs SkinPRO pied\u0101v\u0101 l\u0101zerepil\u0101cijas un \u0137erme\u0146a korekcijas pakalpojumus. Augstas kvalit\u0101tes proced\u016bru garantija par vislab\u0101kaj\u0101m cen\u0101m","robots":{"index":"index","follow":"follow","max-snippet":"max-snippet:-1","max-image-preview":"max-image-preview:large","max-video-preview":"max-video-preview:-1"},"canonical":"https:\/\/skinproliepaja.lv\/en\/par-skinpro\/","og_locale":"en_US","og_type":"article","og_title":"Par SKINPRO","og_description":"M\u016bsu centrs SkinPRO pied\u0101v\u0101 l\u0101zerepil\u0101cijas un \u0137erme\u0146a korekcijas pakalpojumus. Augstas kvalit\u0101tes proced\u016bru garantija par vislab\u0101kaj\u0101m cen\u0101m","og_url":"https:\/\/skinproliepaja.lv\/en\/par-skinpro\/","og_site_name":"SkinPRO","article_publisher":"https:\/\/www.facebook.com\/Skinpro.lv","article_modified_time":"2024-07-06T13:10:40+00:00","og_image":[{"width":787,"height":702,"url":"https:\/\/skinproliepaja.lv\/wp-content\/uploads\/2022\/04\/group-25.png","type":"image\/png"}],"twitter_card":"summary_large_image","twitter_misc":{"Est. reading time":"2 minutes"},"schema":{"@context":"https:\/\/schema.org","@graph":[{"@type":"WebPage","@id":"https:\/\/skinproliepaja.lv\/par-skinpro\/","url":"https:\/\/skinproliepaja.lv\/par-skinpro\/","name":"Kvalit\u0101tes proced\u016bru garantija - SKINPRO","isPartOf":{"@id":"https:\/\/skinproliepaja.lv\/#website"},"primaryImageOfPage":{"@id":"https:\/\/skinproliepaja.lv\/par-skinpro\/#primaryimage"},"image":{"@id":"https:\/\/skinproliepaja.lv\/par-skinpro\/#primaryimage"},"thumbnailUrl":"https:\/\/skinproliepaja.lv\/wp-content\/uploads\/2022\/04\/group-25.png","datePublished":"2022-04-20T16:22:09+00:00","dateModified":"2024-07-06T13:10:40+00:00","description":"M\u016bsu centrs SkinPRO pied\u0101v\u0101 l\u0101zerepil\u0101cijas un \u0137erme\u0146a korekcijas pakalpojumus. Augstas kvalit\u0101tes proced\u016bru garantija par vislab\u0101kaj\u0101m cen\u0101m","breadcrumb":{"@id":"https:\/\/skinproliepaja.lv\/par-skinpro\/#breadcrumb"},"inLanguage":"en-US","potentialAction":[{"@type":"ReadAction","target":["https:\/\/skinproliepaja.lv\/par-skinpro\/"]}]},{"@type":"ImageObject","inLanguage":"en-US","@id":"https:\/\/skinproliepaja.lv\/par-skinpro\/#primaryimage","url":"https:\/\/skinproliepaja.lv\/wp-content\/uploads\/2022\/04\/group-25.png","contentUrl":"https:\/\/skinproliepaja.lv\/wp-content\/uploads\/2022\/04\/group-25.png","width":787,"height":702,"caption":"Par L\u0101zerepil\u0101cijas centru SkinPRO"},{"@type":"BreadcrumbList","@id":"https:\/\/skinproliepaja.lv\/par-skinpro\/#breadcrumb","itemListElement":[{"@type":"ListItem","position":1,"name":"Galven\u0101","item":"https:\/\/skinproliepaja.lv\/"},{"@type":"ListItem","position":2,"name":"Par SKINPRO"}]},{"@type":"WebSite","@id":"https:\/\/skinproliepaja.lv\/#website","url":"https:\/\/skinproliepaja.lv\/","name":"SkinPRO","description":"Center of laser hair removal and cosmetology","publisher":{"@id":"https:\/\/skinproliepaja.lv\/#organization"},"potentialAction":[{"@type":"SearchAction","target":{"@type":"EntryPoint","urlTemplate":"https:\/\/skinproliepaja.lv\/?s={search_term_string}"},"query-input":{"@type":"PropertyValueSpecification","valueRequired":true,"valueName":"search_term_string"}}],"inLanguage":"en-US"},{"@type":"Organization","@id":"https:\/\/skinproliepaja.lv\/#organization","name":"L\u0101zerepil\u0101cijas un kosmetolo\u0123ijas centrs SkinPRO","url":"https:\/\/skinproliepaja.lv\/","logo":{"@type":"ImageObject","inLanguage":"en-US","@id":"https:\/\/skinproliepaja.lv\/#\/schema\/logo\/image\/","url":"https:\/\/skinproliepaja.lv\/wp-content\/uploads\/2022\/04\/logo-dark.svg","contentUrl":"https:\/\/skinproliepaja.lv\/wp-content\/uploads\/2022\/04\/logo-dark.svg","width":615,"height":160,"caption":"L\u0101zerepil\u0101cijas un kosmetolo\u0123ijas centrs SkinPRO"},"image":{"@id":"https:\/\/skinproliepaja.lv\/#\/schema\/logo\/image\/"},"sameAs":["https:\/\/www.facebook.com\/Skinpro.lv","https:\/\/www.instagram.com\/skinpro_lv\/"]}]}},"_links":{"self":[{"href":"https:\/\/skinproliepaja.lv\/en\/wp-json\/wp\/v2\/pages\/1978","targetHints":{"allow":["GET"]}}],"collection":[{"href":"https:\/\/skinproliepaja.lv\/en\/wp-json\/wp\/v2\/pages"}],"about":[{"href":"https:\/\/skinproliepaja.lv\/en\/wp-json\/wp\/v2\/types\/page"}],"author":[{"embeddable":true,"href":"https:\/\/skinproliepaja.lv\/en\/wp-json\/wp\/v2\/users\/3"}],"replies":[{"embeddable":true,"href":"https:\/\/skinproliepaja.lv\/en\/wp-json\/wp\/v2\/comments?post=1978"}],"version-history":[{"count":0,"href":"https:\/\/skinproliepaja.lv\/en\/wp-json\/wp\/v2\/pages\/1978\/revisions"}],"wp:featuredmedia":[{"embeddable":true,"href":"https:\/\/skinproliepaja.lv\/en\/wp-json\/wp\/v2\/media\/1981"}],"wp:attachment":[{"href":"https:\/\/skinproliepaja.lv\/en\/wp-json\/wp\/v2\/media?parent=1978"}],"curies":[{"name":"wp","href":"https:\/\/api.w.org\/{rel}","templated":true}]}}